{"id":2150,"date":"2023-11-30T11:53:06","date_gmt":"2023-11-30T11:53:06","guid":{"rendered":"https:\/\/believers-hub.com\/ecosystem\/"},"modified":"2026-03-03T15:42:57","modified_gmt":"2026-03-03T15:42:57","slug":"ecosystem","status":"publish","type":"page","link":"https:\/\/believers-hub.com\/en\/ecosystem\/","title":{"rendered":"Ecosystem"},"content":{"rendered":"\t\t<div data-elementor-type=\"wp-page\" data-elementor-id=\"2150\" class=\"elementor elementor-2150 elementor-19\">\n\t\t\t\t\t\t\t<div class=\"elementor-element elementor-element-8893b82 e-flex e-con-boxed e-con e-parent\" data-id=\"8893b82\" data-element_type=\"container\" data-settings=\"{&quot;background_background&quot;:&quot;classic&quot;,&quot;content_width&quot;:&quot;boxed&quot;,&quot;_ha_eqh_enable&quot;:false}\" data-core-v316-plus=\"true\">\n\t\t\t\t\t<div class=\"e-con-inner\">\n\t\t\t\t<div class=\"elementor-element elementor-element-14c3f4f elementor-widget__width-initial elementor-widget elementor-widget-heading\" data-id=\"14c3f4f\" data-element_type=\"widget\" data-widget_type=\"heading.default\">\n\t\t\t\t<div class=\"elementor-widget-container\">\n\t\t\t<style>\/*! elementor - v3.18.0 - 20-12-2023 *\/\n.elementor-heading-title{padding:0;margin:0;line-height:1}.elementor-widget-heading .elementor-heading-title[class*=elementor-size-]>a{color:inherit;font-size:inherit;line-height:inherit}.elementor-widget-heading .elementor-heading-title.elementor-size-small{font-size:15px}.elementor-widget-heading .elementor-heading-title.elementor-size-medium{font-size:19px}.elementor-widget-heading .elementor-heading-title.elementor-size-large{font-size:29px}.elementor-widget-heading .elementor-heading-title.elementor-size-xl{font-size:39px}.elementor-widget-heading .elementor-heading-title.elementor-size-xxl{font-size:59px}<\/style><h1 class=\"elementor-heading-title elementor-size-default\">We are an active community, a benchmark in positive impact, committed to collaboration among various stakeholders.<br> Learn \u00b7 Connect \u00b7 Co-create<\/h1>\t\t<\/div>\n\t\t\t\t<\/div>\n\t\t\t\t<div class=\"elementor-element elementor-element-7cb2c8e elementor-align-left btn elementor-widget elementor-widget-button\" data-id=\"7cb2c8e\" data-element_type=\"widget\" data-widget_type=\"button.default\">\n\t\t\t\t<div class=\"elementor-widget-container\">\n\t\t\t\t\t<div class=\"elementor-button-wrapper\">\n\t\t\t<a class=\"elementor-button elementor-button-link elementor-size-xl\" href=\"https:\/\/mail.google.com\/mail\/u\/0\/?fs=1&#038;tf=cm&#038;source=mailto&#038;to=believers@believers-hub.com\">\n\t\t\t\t\t\t<span class=\"elementor-button-content-wrapper\">\n\t\t\t\t\t\t<span class=\"elementor-button-text\">Collaborate in our community<\/span>\n\t\t<\/span>\n\t\t\t\t\t<\/a>\n\t\t<\/div>\n\t\t\t\t<\/div>\n\t\t\t\t<\/div>\n\t\t\t\t\t<\/div>\n\t\t\t\t<\/div>\n\t\t<div class=\"elementor-element elementor-element-1d4618a e-flex e-con-boxed e-con e-parent\" data-id=\"1d4618a\" data-element_type=\"container\" data-settings=\"{&quot;content_width&quot;:&quot;boxed&quot;,&quot;_ha_eqh_enable&quot;:false}\" data-core-v316-plus=\"true\">\n\t\t\t\t\t<div class=\"e-con-inner\">\n\t\t\t\t\t<\/div>\n\t\t\t\t<\/div>\n\t\t<div class=\"elementor-element elementor-element-e030b0d e-flex e-con-boxed e-con e-parent\" data-id=\"e030b0d\" data-element_type=\"container\" data-settings=\"{&quot;content_width&quot;:&quot;boxed&quot;,&quot;_ha_eqh_enable&quot;:false}\" data-core-v316-plus=\"true\">\n\t\t\t\t\t<div class=\"e-con-inner\">\n\t\t\t\t<div class=\"elementor-element elementor-element-479bfd2 elementor-widget elementor-widget-ha-post-list happy-addon ha-post-list\" data-id=\"479bfd2\" data-element_type=\"widget\" data-widget_type=\"ha-post-list.default\">\n\t\t\t\t<div class=\"elementor-widget-container\">\n\t\t\t\t\t\t<div class=\"ha-post-list-wrapper\">\n\t\t\t\t<ul class=\"ha-post-list\" >\n\t\t\t\t\t\t\t\t\t\t\t<li class=\"ha-post-list-item\">\n\t\t\t\t\t\t\t<a href=\"https:\/\/believers-hub.com\/en\/pr-craftech-why-the-real-communication-revolution-is-not-in-the-prompt-but-in-the-criteria\/\">\n\t\t\t\t\t\t\t\t\t\t\t\t\t\t\t\t<div class=\"ha-post-list-content\">\n\t\t\t\t\t\t\t\t\t<h2 class=\"ha-post-list-title\">PR Craftech: Why the real communication revolution is not in the \u2018prompt\u2019, but in the criteria<\/h2>\t\t\t\t\t\t\t\t\t\t\t\t\t\t\t\t\t\t\t<div class=\"ha-post-list-meta-wrap\">\n\n\t\t\t\t\t\t\t\t\t\t\t\n\t\t\t\t\t\t\t\t\t\t\t\t\t\t\t\t\t\t\t\t\t\t\t<span class=\"ha-post-list-date\">\n\t\t\t\t\t\t\t\t\t\t\t\t\t<i aria-hidden=\"true\" class=\"far fa-calendar-check\"><\/i>February 25, 2026\t\t\t\t\t\t\t\t\t\t\t\t<\/span>\n\t\t\t\t\t\t\t\t\t\t\t\n\t\t\t\t\t\t\t\t\t\t\t\n\t\t\t\t\t\t\t\t\t\t<\/div>\n\t\t\t\t\t\t\t\t\t\t\t\t\t\t\t\t\t\t\t\t\t\t\t\t\t\t\t\t\t\t\t\t\t\t\t<\/div>\n\t\t\t\t\t\t\t<\/a>\n\t\t\t\t\t\t<\/li>\n\t\t\t\t\t\t\t\t\t\t\t<li class=\"ha-post-list-item\">\n\t\t\t\t\t\t\t<a href=\"https:\/\/believers-hub.com\/en\/esg-trends-2026-sustainability-competitiveness-and-the-new-role-of-business\/\">\n\t\t\t\t\t\t\t\t\t\t\t\t\t\t\t\t<div class=\"ha-post-list-content\">\n\t\t\t\t\t\t\t\t\t<h2 class=\"ha-post-list-title\">ESG Trends 2026: Sustainability, Competitiveness and the New Role of Business<\/h2>\t\t\t\t\t\t\t\t\t\t\t\t\t\t\t\t\t\t\t<div class=\"ha-post-list-meta-wrap\">\n\n\t\t\t\t\t\t\t\t\t\t\t\n\t\t\t\t\t\t\t\t\t\t\t\t\t\t\t\t\t\t\t\t\t\t\t<span class=\"ha-post-list-date\">\n\t\t\t\t\t\t\t\t\t\t\t\t\t<i aria-hidden=\"true\" class=\"far fa-calendar-check\"><\/i>January 30, 2026\t\t\t\t\t\t\t\t\t\t\t\t<\/span>\n\t\t\t\t\t\t\t\t\t\t\t\n\t\t\t\t\t\t\t\t\t\t\t\n\t\t\t\t\t\t\t\t\t\t<\/div>\n\t\t\t\t\t\t\t\t\t\t\t\t\t\t\t\t\t\t\t\t\t\t\t\t\t\t\t\t\t\t\t\t\t\t\t<\/div>\n\t\t\t\t\t\t\t<\/a>\n\t\t\t\t\t\t<\/li>\n\t\t\t\t\t\t\t\t\t\t\t<li class=\"ha-post-list-item\">\n\t\t\t\t\t\t\t<a href=\"https:\/\/believers-hub.com\/en\/team-by-forbes-how-a-strategic-team-redefines-impactful-communication\/\">\n\t\t\t\t\t\t\t\t\t\t\t\t\t\t\t\t<div class=\"ha-post-list-content\">\n\t\t\t\t\t\t\t\t\t<h2 class=\"ha-post-list-title\">TEAM by Forbes: How a strategic team redefines impactful communication<\/h2>\t\t\t\t\t\t\t\t\t\t\t\t\t\t\t\t\t\t\t<div class=\"ha-post-list-meta-wrap\">\n\n\t\t\t\t\t\t\t\t\t\t\t\n\t\t\t\t\t\t\t\t\t\t\t\t\t\t\t\t\t\t\t\t\t\t\t<span class=\"ha-post-list-date\">\n\t\t\t\t\t\t\t\t\t\t\t\t\t<i aria-hidden=\"true\" class=\"far fa-calendar-check\"><\/i>November 30, 2025\t\t\t\t\t\t\t\t\t\t\t\t<\/span>\n\t\t\t\t\t\t\t\t\t\t\t\n\t\t\t\t\t\t\t\t\t\t\t\n\t\t\t\t\t\t\t\t\t\t<\/div>\n\t\t\t\t\t\t\t\t\t\t\t\t\t\t\t\t\t\t\t\t\t\t\t\t\t\t\t\t\t\t\t\t\t\t\t<\/div>\n\t\t\t\t\t\t\t<\/a>\n\t\t\t\t\t\t<\/li>\n\t\t\t\t\t\t\t\t\t\t\t<li class=\"ha-post-list-item\">\n\t\t\t\t\t\t\t<a href=\"https:\/\/believers-hub.com\/en\/when-technology-drives-culture-a-new-paradigm-for-corporate-communication\/\">\n\t\t\t\t\t\t\t\t\t\t\t\t\t\t\t\t<div class=\"ha-post-list-content\">\n\t\t\t\t\t\t\t\t\t<h2 class=\"ha-post-list-title\">When technology drives culture: a new paradigm for corporate communication<\/h2>\t\t\t\t\t\t\t\t\t\t\t\t\t\t\t\t\t\t\t<div class=\"ha-post-list-meta-wrap\">\n\n\t\t\t\t\t\t\t\t\t\t\t\n\t\t\t\t\t\t\t\t\t\t\t\t\t\t\t\t\t\t\t\t\t\t\t<span class=\"ha-post-list-date\">\n\t\t\t\t\t\t\t\t\t\t\t\t\t<i aria-hidden=\"true\" class=\"far fa-calendar-check\"><\/i>November 13, 2025\t\t\t\t\t\t\t\t\t\t\t\t<\/span>\n\t\t\t\t\t\t\t\t\t\t\t\n\t\t\t\t\t\t\t\t\t\t\t\n\t\t\t\t\t\t\t\t\t\t<\/div>\n\t\t\t\t\t\t\t\t\t\t\t\t\t\t\t\t\t\t\t\t\t\t\t\t\t\t\t\t\t\t\t\t\t\t\t<\/div>\n\t\t\t\t\t\t\t<\/a>\n\t\t\t\t\t\t<\/li>\n\t\t\t\t\t\t\t\t\t\t\t<li class=\"ha-post-list-item\">\n\t\t\t\t\t\t\t<a href=\"https:\/\/believers-hub.com\/en\/incorporar-el-esg-data-en-la-estrategia-de-comunicacion-y-de-reputacion-corporativa\/\">\n\t\t\t\t\t\t\t\t\t\t\t\t\t\t\t\t<div class=\"ha-post-list-content\">\n\t\t\t\t\t\t\t\t\t<h2 class=\"ha-post-list-title\">Incorporar el ESG DATA en la estrategia de comunicaci\u00f3n y de reputaci\u00f3n corporativa<\/h2>\t\t\t\t\t\t\t\t\t\t\t\t\t\t\t\t\t\t\t<div class=\"ha-post-list-meta-wrap\">\n\n\t\t\t\t\t\t\t\t\t\t\t\n\t\t\t\t\t\t\t\t\t\t\t\t\t\t\t\t\t\t\t\t\t\t\t<span class=\"ha-post-list-date\">\n\t\t\t\t\t\t\t\t\t\t\t\t\t<i aria-hidden=\"true\" class=\"far fa-calendar-check\"><\/i>April 10, 2023\t\t\t\t\t\t\t\t\t\t\t\t<\/span>\n\t\t\t\t\t\t\t\t\t\t\t\n\t\t\t\t\t\t\t\t\t\t\t\n\t\t\t\t\t\t\t\t\t\t<\/div>\n\t\t\t\t\t\t\t\t\t\t\t\t\t\t\t\t\t\t\t\t\t\t\t\t\t\t\t\t\t\t\t\t\t\t\t<\/div>\n\t\t\t\t\t\t\t<\/a>\n\t\t\t\t\t\t<\/li>\n\t\t\t\t\t\t\t\t\t<\/ul>\n\t\t\t<\/div>\n\t\t\t\t\t<\/div>\n\t\t\t\t<\/div>\n\t\t\t\t\t<\/div>\n\t\t\t\t<\/div>\n\t\t\t\t\t\t\t<\/div>\n\t\t","protected":false},"excerpt":{"rendered":"<p>We are an active community, a benchmark in positive impact, committed to collaboration among various stakeholders. Learn \u00b7 Connect \u00b7 Co-create Collaborate in our community PR Craftech: Por qu\u00e9 la verdadera revoluci\u00f3n de la comunicaci\u00f3n no est\u00e1 en el \u2018prompt\u2019, sino en el criterio febrero 25, 2026 Tendencias ESG 2026: sostenibilidad, competitividad y el nuevo [&hellip;]<\/p>\n","protected":false},"author":5,"featured_media":0,"parent":0,"menu_order":0,"comment_status":"closed","ping_status":"closed","template":"","meta":{"footnotes":""},"class_list":["post-2150","page","type-page","status-publish","hentry"],"yoast_head":"<!-- This site is optimized with the Yoast SEO plugin v27.4 - https:\/\/yoast.com\/product\/yoast-seo-wordpress\/ -->\n<title>Ecosistema. Ponemos el foco en el impacto positivo.<\/title>\n<meta name=\"description\" content=\"Somos una comunidad activa. Descubre noticias de inter\u00e9s en torno al impacto positivo. Conocer \u00b7 Conectar \u00b7 Co-crear\" \/>\n<meta name=\"robots\" content=\"index, follow, max-snippet:-1, max-image-preview:large, max-video-preview:-1\" \/>\n<link rel=\"canonical\" href=\"https:\/\/believers-hub.com\/ecosistema\/\" \/>\n<meta property=\"og:locale\" content=\"en_US\" \/>\n<meta property=\"og:type\" content=\"article\" \/>\n<meta property=\"og:title\" content=\"Ecosistema. Ponemos el foco en el impacto positivo.\" \/>\n<meta property=\"og:description\" content=\"Somos una comunidad activa. Descubre noticias de inter\u00e9s en torno al impacto positivo. Conocer \u00b7 Conectar \u00b7 Co-crear\" \/>\n<meta property=\"og:url\" content=\"https:\/\/believers-hub.com\/ecosistema\/\" \/>\n<meta property=\"og:site_name\" content=\"BELIEVERS.\" \/>\n<meta property=\"article:modified_time\" content=\"2026-03-03T15:42:57+00:00\" \/>\n<meta property=\"og:image\" content=\"https:\/\/believers-hub.com\/wp-content\/uploads\/2024\/01\/logo-1200x675-1.jpg\" \/>\n\t<meta property=\"og:image:width\" content=\"2500\" \/>\n\t<meta property=\"og:image:height\" content=\"1406\" \/>\n\t<meta property=\"og:image:type\" content=\"image\/jpeg\" \/>\n<meta name=\"twitter:card\" content=\"summary_large_image\" \/>\n<meta name=\"twitter:label1\" content=\"Est. reading time\" \/>\n\t<meta name=\"twitter:data1\" content=\"1 minute\" \/>\n<script type=\"application\/ld+json\" class=\"yoast-schema-graph\">{\"@context\":\"https:\\\/\\\/schema.org\",\"@graph\":[{\"@type\":\"WebPage\",\"@id\":\"https:\\\/\\\/believers-hub.com\\\/ecosistema\\\/\",\"url\":\"https:\\\/\\\/believers-hub.com\\\/ecosistema\\\/\",\"name\":\"Ecosistema. Ponemos el foco en el impacto positivo.\",\"isPartOf\":{\"@id\":\"https:\\\/\\\/believers-hub.com\\\/#website\"},\"datePublished\":\"2023-11-30T11:53:06+00:00\",\"dateModified\":\"2026-03-03T15:42:57+00:00\",\"description\":\"Somos una comunidad activa. Descubre noticias de inter\u00e9s en torno al impacto positivo. Conocer \u00b7 Conectar \u00b7 Co-crear\",\"breadcrumb\":{\"@id\":\"https:\\\/\\\/believers-hub.com\\\/ecosistema\\\/#breadcrumb\"},\"inLanguage\":\"en-US\",\"potentialAction\":[{\"@type\":\"ReadAction\",\"target\":[\"https:\\\/\\\/believers-hub.com\\\/ecosistema\\\/\"]}]},{\"@type\":\"BreadcrumbList\",\"@id\":\"https:\\\/\\\/believers-hub.com\\\/ecosistema\\\/#breadcrumb\",\"itemListElement\":[{\"@type\":\"ListItem\",\"position\":1,\"name\":\"Home\",\"item\":\"https:\\\/\\\/believers-hub.com\\\/en\\\/home\\\/\"},{\"@type\":\"ListItem\",\"position\":2,\"name\":\"Ecosystem\"}]},{\"@type\":\"WebSite\",\"@id\":\"https:\\\/\\\/believers-hub.com\\\/#website\",\"url\":\"https:\\\/\\\/believers-hub.com\\\/\",\"name\":\"BELIEVERS.\",\"description\":\"Consultora de comunicaci\u00f3n en sostenibilidad\",\"publisher\":{\"@id\":\"https:\\\/\\\/believers-hub.com\\\/#organization\"},\"potentialAction\":[{\"@type\":\"SearchAction\",\"target\":{\"@type\":\"EntryPoint\",\"urlTemplate\":\"https:\\\/\\\/believers-hub.com\\\/?s={search_term_string}\"},\"query-input\":{\"@type\":\"PropertyValueSpecification\",\"valueRequired\":true,\"valueName\":\"search_term_string\"}}],\"inLanguage\":\"en-US\"},{\"@type\":\"Organization\",\"@id\":\"https:\\\/\\\/believers-hub.com\\\/#organization\",\"name\":\"BELIEVERS.\",\"url\":\"https:\\\/\\\/believers-hub.com\\\/\",\"logo\":{\"@type\":\"ImageObject\",\"inLanguage\":\"en-US\",\"@id\":\"https:\\\/\\\/believers-hub.com\\\/#\\\/schema\\\/logo\\\/image\\\/\",\"url\":\"https:\\\/\\\/believers-hub.com\\\/wp-content\\\/uploads\\\/2024\\\/01\\\/cropped-favicon_ok.png\",\"contentUrl\":\"https:\\\/\\\/believers-hub.com\\\/wp-content\\\/uploads\\\/2024\\\/01\\\/cropped-favicon_ok.png\",\"width\":512,\"height\":512,\"caption\":\"BELIEVERS.\"},\"image\":{\"@id\":\"https:\\\/\\\/believers-hub.com\\\/#\\\/schema\\\/logo\\\/image\\\/\"},\"sameAs\":[\"https:\\\/\\\/www.instagram.com\\\/believershub\\\/\",\"https:\\\/\\\/www.linkedin.com\\\/company\\\/believershub\\\/\"]}]}<\/script>\n<!-- \/ Yoast SEO plugin. -->","yoast_head_json":{"title":"Ecosistema. Ponemos el foco en el impacto positivo.","description":"Somos una comunidad activa. Descubre noticias de inter\u00e9s en torno al impacto positivo. Conocer \u00b7 Conectar \u00b7 Co-crear","robots":{"index":"index","follow":"follow","max-snippet":"max-snippet:-1","max-image-preview":"max-image-preview:large","max-video-preview":"max-video-preview:-1"},"canonical":"https:\/\/believers-hub.com\/ecosistema\/","og_locale":"en_US","og_type":"article","og_title":"Ecosistema. Ponemos el foco en el impacto positivo.","og_description":"Somos una comunidad activa. Descubre noticias de inter\u00e9s en torno al impacto positivo. Conocer \u00b7 Conectar \u00b7 Co-crear","og_url":"https:\/\/believers-hub.com\/ecosistema\/","og_site_name":"BELIEVERS.","article_modified_time":"2026-03-03T15:42:57+00:00","og_image":[{"width":2500,"height":1406,"url":"https:\/\/believers-hub.com\/wp-content\/uploads\/2024\/01\/logo-1200x675-1.jpg","type":"image\/jpeg"}],"twitter_card":"summary_large_image","twitter_misc":{"Est. reading time":"1 minute"},"schema":{"@context":"https:\/\/schema.org","@graph":[{"@type":"WebPage","@id":"https:\/\/believers-hub.com\/ecosistema\/","url":"https:\/\/believers-hub.com\/ecosistema\/","name":"Ecosistema. Ponemos el foco en el impacto positivo.","isPartOf":{"@id":"https:\/\/believers-hub.com\/#website"},"datePublished":"2023-11-30T11:53:06+00:00","dateModified":"2026-03-03T15:42:57+00:00","description":"Somos una comunidad activa. Descubre noticias de inter\u00e9s en torno al impacto positivo. Conocer \u00b7 Conectar \u00b7 Co-crear","breadcrumb":{"@id":"https:\/\/believers-hub.com\/ecosistema\/#breadcrumb"},"inLanguage":"en-US","potentialAction":[{"@type":"ReadAction","target":["https:\/\/believers-hub.com\/ecosistema\/"]}]},{"@type":"BreadcrumbList","@id":"https:\/\/believers-hub.com\/ecosistema\/#breadcrumb","itemListElement":[{"@type":"ListItem","position":1,"name":"Home","item":"https:\/\/believers-hub.com\/en\/home\/"},{"@type":"ListItem","position":2,"name":"Ecosystem"}]},{"@type":"WebSite","@id":"https:\/\/believers-hub.com\/#website","url":"https:\/\/believers-hub.com\/","name":"BELIEVERS.","description":"Consultora de comunicaci\u00f3n en sostenibilidad","publisher":{"@id":"https:\/\/believers-hub.com\/#organization"},"potentialAction":[{"@type":"SearchAction","target":{"@type":"EntryPoint","urlTemplate":"https:\/\/believers-hub.com\/?s={search_term_string}"},"query-input":{"@type":"PropertyValueSpecification","valueRequired":true,"valueName":"search_term_string"}}],"inLanguage":"en-US"},{"@type":"Organization","@id":"https:\/\/believers-hub.com\/#organization","name":"BELIEVERS.","url":"https:\/\/believers-hub.com\/","logo":{"@type":"ImageObject","inLanguage":"en-US","@id":"https:\/\/believers-hub.com\/#\/schema\/logo\/image\/","url":"https:\/\/believers-hub.com\/wp-content\/uploads\/2024\/01\/cropped-favicon_ok.png","contentUrl":"https:\/\/believers-hub.com\/wp-content\/uploads\/2024\/01\/cropped-favicon_ok.png","width":512,"height":512,"caption":"BELIEVERS."},"image":{"@id":"https:\/\/believers-hub.com\/#\/schema\/logo\/image\/"},"sameAs":["https:\/\/www.instagram.com\/believershub\/","https:\/\/www.linkedin.com\/company\/believershub\/"]}]}},"_links":{"self":[{"href":"https:\/\/believers-hub.com\/en\/wp-json\/wp\/v2\/pages\/2150","targetHints":{"allow":["GET"]}}],"collection":[{"href":"https:\/\/believers-hub.com\/en\/wp-json\/wp\/v2\/pages"}],"about":[{"href":"https:\/\/believers-hub.com\/en\/wp-json\/wp\/v2\/types\/page"}],"author":[{"embeddable":true,"href":"https:\/\/believers-hub.com\/en\/wp-json\/wp\/v2\/users\/5"}],"replies":[{"embeddable":true,"href":"https:\/\/believers-hub.com\/en\/wp-json\/wp\/v2\/comments?post=2150"}],"version-history":[{"count":19,"href":"https:\/\/believers-hub.com\/en\/wp-json\/wp\/v2\/pages\/2150\/revisions"}],"predecessor-version":[{"id":2880,"href":"https:\/\/believers-hub.com\/en\/wp-json\/wp\/v2\/pages\/2150\/revisions\/2880"}],"wp:attachment":[{"href":"https:\/\/believers-hub.com\/en\/wp-json\/wp\/v2\/media?parent=2150"}],"curies":[{"name":"wp","href":"https:\/\/api.w.org\/{rel}","templated":true}]}}