{"id":2175,"date":"2024-01-17T12:09:30","date_gmt":"2024-01-17T12:09:30","guid":{"rendered":"https:\/\/believers-hub.com\/politica-de-privacidad\/"},"modified":"2024-01-17T12:09:30","modified_gmt":"2024-01-17T12:09:30","slug":"politica-de-privacidad","status":"publish","type":"page","link":"https:\/\/believers-hub.com\/en\/politica-de-privacidad\/","title":{"rendered":"Pol\u00edtica de privacidad"},"content":{"rendered":"<p>Sustainable Lifestyle Hub, S.L., con domicilio social en Madrid, calle Luisa Fernanda 23, 28008, Madrid, y NIF B67645424, como Responsable del Tratamiento de los datos personales que se recaben del Usuario en este Sitio Web (los \u201cDatos Personales\u201d), informa de que los mismos ser\u00e1n tratados de conformidad con lo dispuesto en el Reglamento (UE) 2016\/679 del Parlamento Europeo y del Consejo, de 27 de abril de 2016, relativo a la protecci\u00f3n de las personas f\u00edsicas en lo que respecta al tratamiento de datos personales y con la Ley Org\u00e1nica 3\/2018, de 5 de diciembre de protecci\u00f3n de datos personales y garant\u00eda de los derechos digitales.<\/p>\n<p>Sustainable Lifestyle Hub, S.L. informa que dichos Datos Personales ser\u00e1n tratados con la finalidad de responder a las cuestiones\u00a0 que el Usuario haga llegar al Responsable del Tratamiento a trav\u00e9s del formulario de contacto. Los Datos Personales ser\u00e1n conservados hasta resolver la cuesti\u00f3n planteada por el Usuario. Posteriormente, en caso de ser necesario, se mantendr\u00e1 la informaci\u00f3n bloqueada durante los plazos legalmente establecidos. La base jur\u00eddica de dicho tratamiento es el consentimiento del Usuario.<\/p>\n<p>Sustainable Lifestyle Hub, S.L., cumple estrictamente el deber de secreto de los Datos Personales y el tratamiento de los mismos de forma confidencial, asumiendo, a estos efectos, las medidas de \u00edndole t\u00e9cnica, organizativa y de seguridad necesarias para evitar su alteraci\u00f3n, p\u00e9rdida, tratamiento o acceso no autorizado. Sustainable Lifestyle Hub, S.L., queda totalmente exonerado de cualquier responsabilidad si la informaci\u00f3n facilitada voluntariamente por el Usuario fuese incompleta, no veraz o irreal.<\/p>\n<p>Sustainable Lifestyle Hub, S.L. se compromete a no ceder, vender, ni compartir los datos con terceros sin su aprobaci\u00f3n expresa. No obstante lo anterior, el Usuario puede ejercitar sus derechos de acceso, rectificaci\u00f3n, oposici\u00f3n, limitaci\u00f3n del tratamiento, portabilidad y supresi\u00f3n, as\u00ed como el derecho a revocar el consentimiento, dispuestos en el mencionado Reglamento, notific\u00e1ndolo por escrito a Sustainable Lifestyle Hub, S.L., a trav\u00e9s de correo postal a la Calle de Luisa Fernanda 23, 5 D 28008 Madrid, o a trav\u00e9s de la direcci\u00f3n de correo electr\u00f3nico believers@beleviers-hub.com. Asimismo, el Usuario puede presentar una reclamaci\u00f3n ante la Agencia Espa\u00f1ola de Protecci\u00f3n de Datos.<\/p>\n","protected":false},"excerpt":{"rendered":"<p>Sustainable Lifestyle Hub, S.L., con domicilio social en Madrid, calle Luisa Fernanda 23, 28008, Madrid, y NIF B67645424, como Responsable del Tratamiento de los datos personales que se recaben del Usuario en este Sitio Web (los \u201cDatos Personales\u201d), informa de que los mismos ser\u00e1n tratados de conformidad con lo dispuesto en el Reglamento (UE) 2016\/679 [&hellip;]<\/p>\n","protected":false},"author":5,"featured_media":0,"parent":0,"menu_order":0,"comment_status":"closed","ping_status":"closed","template":"","meta":{"footnotes":""},"class_list":["post-2175","page","type-page","status-publish","hentry"],"yoast_head":"<!-- This site is optimized with the Yoast SEO plugin v21.8 - https:\/\/yoast.com\/wordpress\/plugins\/seo\/ -->\n<title>Pol\u00edtica de privacidad - BELIEVERS.<\/title>\n<meta name=\"robots\" content=\"index, follow, max-snippet:-1, max-image-preview:large, max-video-preview:-1\" \/>\n<link rel=\"canonical\" href=\"https:\/\/believers-hub.com\/politica-de-privacidad\/\" \/>\n<meta property=\"og:locale\" content=\"en_US\" \/>\n<meta property=\"og:type\" content=\"article\" \/>\n<meta property=\"og:title\" content=\"Pol\u00edtica de privacidad - BELIEVERS.\" \/>\n<meta property=\"og:description\" content=\"Sustainable Lifestyle Hub, S.L., con domicilio social en Madrid, calle Luisa Fernanda 23, 28008, Madrid, y NIF B67645424, como Responsable del Tratamiento de los datos personales que se recaben del Usuario en este Sitio Web (los \u201cDatos Personales\u201d), informa de que los mismos ser\u00e1n tratados de conformidad con lo dispuesto en el Reglamento (UE) 2016\/679 [&hellip;]\" \/>\n<meta property=\"og:url\" content=\"https:\/\/believers-hub.com\/politica-de-privacidad\/\" \/>\n<meta property=\"og:site_name\" content=\"BELIEVERS.\" \/>\n<meta property=\"og:image\" content=\"https:\/\/believers-hub.com\/wp-content\/uploads\/2024\/01\/logo-1200x675-1.jpg\" \/>\n\t<meta property=\"og:image:width\" content=\"2500\" \/>\n\t<meta property=\"og:image:height\" content=\"1406\" \/>\n\t<meta property=\"og:image:type\" content=\"image\/jpeg\" \/>\n<meta name=\"twitter:card\" content=\"summary_large_image\" \/>\n<meta name=\"twitter:label1\" content=\"Est. reading time\" \/>\n\t<meta name=\"twitter:data1\" content=\"2 minutes\" \/>\n<script type=\"application\/ld+json\" class=\"yoast-schema-graph\">{\"@context\":\"https:\/\/schema.org\",\"@graph\":[{\"@type\":\"WebPage\",\"@id\":\"https:\/\/believers-hub.com\/politica-de-privacidad\/\",\"url\":\"https:\/\/believers-hub.com\/politica-de-privacidad\/\",\"name\":\"Pol\u00edtica de privacidad - BELIEVERS.\",\"isPartOf\":{\"@id\":\"https:\/\/believers-hub.com\/#website\"},\"datePublished\":\"2024-01-17T12:09:30+00:00\",\"dateModified\":\"2024-01-17T12:09:30+00:00\",\"breadcrumb\":{\"@id\":\"https:\/\/believers-hub.com\/politica-de-privacidad\/#breadcrumb\"},\"inLanguage\":\"en-US\",\"potentialAction\":[{\"@type\":\"ReadAction\",\"target\":[\"https:\/\/believers-hub.com\/politica-de-privacidad\/\"]}]},{\"@type\":\"BreadcrumbList\",\"@id\":\"https:\/\/believers-hub.com\/politica-de-privacidad\/#breadcrumb\",\"itemListElement\":[{\"@type\":\"ListItem\",\"position\":1,\"name\":\"Home\",\"item\":\"https:\/\/believers-hub.com\/en\/home\/\"},{\"@type\":\"ListItem\",\"position\":2,\"name\":\"Pol\u00edtica de privacidad\"}]},{\"@type\":\"WebSite\",\"@id\":\"https:\/\/believers-hub.com\/#website\",\"url\":\"https:\/\/believers-hub.com\/\",\"name\":\"BELIEVERS.\",\"description\":\"Consultora de comunicaci\u00f3n en sostenibilidad\",\"publisher\":{\"@id\":\"https:\/\/believers-hub.com\/#organization\"},\"potentialAction\":[{\"@type\":\"SearchAction\",\"target\":{\"@type\":\"EntryPoint\",\"urlTemplate\":\"https:\/\/believers-hub.com\/?s={search_term_string}\"},\"query-input\":\"required name=search_term_string\"}],\"inLanguage\":\"en-US\"},{\"@type\":\"Organization\",\"@id\":\"https:\/\/believers-hub.com\/#organization\",\"name\":\"BELIEVERS.\",\"url\":\"https:\/\/believers-hub.com\/\",\"logo\":{\"@type\":\"ImageObject\",\"inLanguage\":\"en-US\",\"@id\":\"https:\/\/believers-hub.com\/#\/schema\/logo\/image\/\",\"url\":\"https:\/\/believers-hub.com\/wp-content\/uploads\/2024\/01\/cropped-favicon_ok.png\",\"contentUrl\":\"https:\/\/believers-hub.com\/wp-content\/uploads\/2024\/01\/cropped-favicon_ok.png\",\"width\":512,\"height\":512,\"caption\":\"BELIEVERS.\"},\"image\":{\"@id\":\"https:\/\/believers-hub.com\/#\/schema\/logo\/image\/\"},\"sameAs\":[\"https:\/\/www.instagram.com\/believershub\/\",\"https:\/\/www.linkedin.com\/company\/believershub\/\"]}]}<\/script>\n<!-- \/ Yoast SEO plugin. -->","yoast_head_json":{"title":"Pol\u00edtica de privacidad - BELIEVERS.","robots":{"index":"index","follow":"follow","max-snippet":"max-snippet:-1","max-image-preview":"max-image-preview:large","max-video-preview":"max-video-preview:-1"},"canonical":"https:\/\/believers-hub.com\/politica-de-privacidad\/","og_locale":"en_US","og_type":"article","og_title":"Pol\u00edtica de privacidad - BELIEVERS.","og_description":"Sustainable Lifestyle Hub, S.L., con domicilio social en Madrid, calle Luisa Fernanda 23, 28008, Madrid, y NIF B67645424, como Responsable del Tratamiento de los datos personales que se recaben del Usuario en este Sitio Web (los \u201cDatos Personales\u201d), informa de que los mismos ser\u00e1n tratados de conformidad con lo dispuesto en el Reglamento (UE) 2016\/679 [&hellip;]","og_url":"https:\/\/believers-hub.com\/politica-de-privacidad\/","og_site_name":"BELIEVERS.","og_image":[{"width":2500,"height":1406,"url":"https:\/\/believers-hub.com\/wp-content\/uploads\/2024\/01\/logo-1200x675-1.jpg","type":"image\/jpeg"}],"twitter_card":"summary_large_image","twitter_misc":{"Est. reading time":"2 minutes"},"schema":{"@context":"https:\/\/schema.org","@graph":[{"@type":"WebPage","@id":"https:\/\/believers-hub.com\/politica-de-privacidad\/","url":"https:\/\/believers-hub.com\/politica-de-privacidad\/","name":"Pol\u00edtica de privacidad - BELIEVERS.","isPartOf":{"@id":"https:\/\/believers-hub.com\/#website"},"datePublished":"2024-01-17T12:09:30+00:00","dateModified":"2024-01-17T12:09:30+00:00","breadcrumb":{"@id":"https:\/\/believers-hub.com\/politica-de-privacidad\/#breadcrumb"},"inLanguage":"en-US","potentialAction":[{"@type":"ReadAction","target":["https:\/\/believers-hub.com\/politica-de-privacidad\/"]}]},{"@type":"BreadcrumbList","@id":"https:\/\/believers-hub.com\/politica-de-privacidad\/#breadcrumb","itemListElement":[{"@type":"ListItem","position":1,"name":"Home","item":"https:\/\/believers-hub.com\/en\/home\/"},{"@type":"ListItem","position":2,"name":"Pol\u00edtica de privacidad"}]},{"@type":"WebSite","@id":"https:\/\/believers-hub.com\/#website","url":"https:\/\/believers-hub.com\/","name":"BELIEVERS.","description":"Consultora de comunicaci\u00f3n en sostenibilidad","publisher":{"@id":"https:\/\/believers-hub.com\/#organization"},"potentialAction":[{"@type":"SearchAction","target":{"@type":"EntryPoint","urlTemplate":"https:\/\/believers-hub.com\/?s={search_term_string}"},"query-input":"required name=search_term_string"}],"inLanguage":"en-US"},{"@type":"Organization","@id":"https:\/\/believers-hub.com\/#organization","name":"BELIEVERS.","url":"https:\/\/believers-hub.com\/","logo":{"@type":"ImageObject","inLanguage":"en-US","@id":"https:\/\/believers-hub.com\/#\/schema\/logo\/image\/","url":"https:\/\/believers-hub.com\/wp-content\/uploads\/2024\/01\/cropped-favicon_ok.png","contentUrl":"https:\/\/believers-hub.com\/wp-content\/uploads\/2024\/01\/cropped-favicon_ok.png","width":512,"height":512,"caption":"BELIEVERS."},"image":{"@id":"https:\/\/believers-hub.com\/#\/schema\/logo\/image\/"},"sameAs":["https:\/\/www.instagram.com\/believershub\/","https:\/\/www.linkedin.com\/company\/believershub\/"]}]}},"_links":{"self":[{"href":"https:\/\/believers-hub.com\/en\/wp-json\/wp\/v2\/pages\/2175","targetHints":{"allow":["GET"]}}],"collection":[{"href":"https:\/\/believers-hub.com\/en\/wp-json\/wp\/v2\/pages"}],"about":[{"href":"https:\/\/believers-hub.com\/en\/wp-json\/wp\/v2\/types\/page"}],"author":[{"embeddable":true,"href":"https:\/\/believers-hub.com\/en\/wp-json\/wp\/v2\/users\/5"}],"replies":[{"embeddable":true,"href":"https:\/\/believers-hub.com\/en\/wp-json\/wp\/v2\/comments?post=2175"}],"version-history":[{"count":0,"href":"https:\/\/believers-hub.com\/en\/wp-json\/wp\/v2\/pages\/2175\/revisions"}],"wp:attachment":[{"href":"https:\/\/believers-hub.com\/en\/wp-json\/wp\/v2\/media?parent=2175"}],"curies":[{"name":"wp","href":"https:\/\/api.w.org\/{rel}","templated":true}]}}