{"id":2176,"date":"2023-12-04T12:16:51","date_gmt":"2023-12-04T12:16:51","guid":{"rendered":"https:\/\/believers-hub.com\/aviso-legal\/"},"modified":"2023-12-04T12:16:51","modified_gmt":"2023-12-04T12:16:51","slug":"aviso-legal","status":"publish","type":"page","link":"https:\/\/believers-hub.com\/en\/aviso-legal\/","title":{"rendered":"Aviso Legal"},"content":{"rendered":"<p><strong>1. Datos identificativos<\/strong><\/p>\n<p>De conformidad con el art\u00edculo 10 de la Ley 34\/2002, de 11 de julio, de servicios de la sociedad de la informaci\u00f3n y de comercio electr\u00f3nico, a continuaci\u00f3n, proporcionamos los datos necesarios del titular del sitio web <a href=\"https:\/\/believers-hub.com\/en\/\">https:\/\/believers-hub.com\/<\/a> (el \u201cSitio Web\u201d):<\/p>\n<p>Denominaci\u00f3n del titular del Sitio Web: Sustainable Lifestyle Hub, S.L.<br \/>\nNIF: B67645424<br \/>\nDomicilio: calle de Luisa Fernanda, 23 28008, Madrid<br \/>\nDirecci\u00f3n de contacto (correo electr\u00f3nico): believers@believers-hub.com<\/p>\n<p>Datos de inscripci\u00f3n en el Registro Mercantil de Madrid: Tomo 42496, Folio 163, hoja M-751935, inscripci\u00f3n 1\u00aa.<\/p>\n<p><strong>2. Condiciones Generales de Uso<\/strong><\/p>\n<p>La navegaci\u00f3n por el Sitio Web atribuye la condici\u00f3n de usuario del mismo (el \u201cUsuario\u201d) e implica la aceptaci\u00f3n plena y sin reservas de todas y cada una de las disposiciones incluidas en este Aviso Legal.<br \/>\nEl titular del Sitio Web se reserva el derecho de modificar la informaci\u00f3n contenida en este documento en cualquier momento y a su sola discreci\u00f3n, por lo que es recomendable que el usuario lo revise frecuentemente.<\/p>\n<p>El Usuario se obliga a hacer un uso correcto del Sitio Web de conformidad con las leyes, la buena fe, el orden p\u00fablico, los usos del tr\u00e1fico y el presente Aviso Legal. El Usuario responder\u00e1 frente a Sustainable Lifestyle Hub, S.L. o frente a terceros, de cualesquiera da\u00f1os y perjuicios que pudieran causarse como consecuencia del incumplimiento de dicha obligaci\u00f3n.<br \/>\nEl Usuario se compromete expresamente a hacer un uso adecuado de los contenidos y servicios del Sitio Web de Sustainable Lifestyle Hub, S.L. y a no emplearlos para, entre otros:<\/p>\n<p>A. Difundir contenidos, delictivos, violentos, pornogr\u00e1ficos, racistas, xen\u00f3fobos, ofensivos, de apolog\u00eda del terrorismo o, en general, contrarios a la Ley o al orden p\u00fablico.<\/p>\n<p>B. Introducir en la red virus inform\u00e1ticos o realizar actuaciones susceptibles de alterar, estropear, interrumpir o generar errores o da\u00f1os en los documentos electr\u00f3nicos, datos o sistemas f\u00edsicos y l\u00f3gicos de Sustainable Lifestyle Hub, S.L. o de terceras personas; as\u00ed como obstaculizar el acceso de otros usuarios al Sitio Web y a sus servicios mediante el consumo masivo de los recursos inform\u00e1ticos Espa\u00f1a). Intentar acceder a las cuentas de correo electr\u00f3nico de otros usuarios o a \u00e1reas restringidas de los sistemas inform\u00e1ticos de Sustainable Lifestyle Hub, S.L. o de terceros y, en su caso, extraer informaci\u00f3n.<\/p>\n<p>D. Vulnerar los derechos de propiedad intelectual o industrial, as\u00ed como violar la confidencialidad de la informaci\u00f3n de Sustainable Lifestyle Hub, S.L. o de terceros.<\/p>\n<p>E. Suplantar la identidad de otro usuario, de las administraciones p\u00fablicas o de un tercero.<\/p>\n<p>F. Queda prohibido establecer frames o marcos de cualquier tipo que envuelvan a la p\u00e1gina o permitan la visualizaci\u00f3n de sus contenidos a trav\u00e9s de direcciones de Internet distintas a las de la p\u00e1gina y, en cualquier caso, esta prohibici\u00f3n incluye tambi\u00e9n que se visualicen conjuntamente con contenidos ajenos a la p\u00e1gina, de forma que:<\/p>\n<p>Produzca error, confusi\u00f3n o enga\u00f1o en los usuarios sobre la verdadera procedencia de los contenidos.<br \/>\nSuponga un acto de comparaci\u00f3n o imitaci\u00f3n desleal.<br \/>\nSirva para aprovecharse de la &#8211; Sirva para aprovecharse de la reputaci\u00f3n de la marca y el prestigio de Sustainable Lifestyle Hub, S.L.<br \/>\nG. Reproducir, copiar, distribuir, poner a disposici\u00f3n o de cualquier otra forma comunicar p\u00fablicamente, transformar o modificar los contenidos, a menos que se cuente con la autorizaci\u00f3n del titular de los correspondientes derechos o ello resulte legalmente permitido.<\/p>\n<p>H. Recabar datos con finalidad publicitaria y de remitir publicidad de cualquier clase y comunicaciones con fines de venta u otras de naturaleza comercial sin que medie su previa solicitud o consentimiento.<\/p>\n<p><strong>3. Exclusi\u00f3n de garant\u00edas y de responsabilidad<\/strong><\/p>\n<p>El contenido del presente Sitio Web es de car\u00e1cter general y tiene una finalidad meramente informativa, sin que se garantice plenamente el acceso a todos los contenidos, ni su exhaustividad, correcci\u00f3n, vigencia o actualidad, ni su idoneidad o utilidad para un objetivo espec\u00edfico. Sustainable Lifestyle Hub, S.L. excluye, hasta donde permite el ordenamiento jur\u00eddico, cualquier responsabilidad por los da\u00f1os y perjuicios de toda naturaleza derivados de:<\/p>\n<p>A. La imposibilidad de acceso al Sitio Web o la falta de veracidad, exactitud, exhaustividad y\/o actualidad de los contenidos, as\u00ed como la existencia de vicios y defectos de toda clase de los contenidos transmitidos, difundidos, almacenados, puestos a disposici\u00f3n a los que se haya accedido a trav\u00e9s del Sitio Web o de los servicios que se ofrecen.<\/p>\n<p>B. La presencia de virus o de otros elementos en los contenidos que puedan producir alteraciones en los sistemas inform\u00e1ticos, documentos electr\u00f3nicos o datos de los usuarios.<\/p>\n<p>C. El incumplimiento de las leyes, la buena fe, el orden p\u00fablico, los usos del tr\u00e1fico y el presente Aviso Legal como consecuencia del uso incorrecto del Sitio Web. En particular, y a modo ejemplificativo, Sustainable Lifestyle Hub, S.L. no se hace responsable de las actuaciones de terceros que vulneren derechos de propiedad intelectual e industrial, secretos empresariales, derechos al honor, a la intimidad personal y familiar y a la propia imagen, as\u00ed como la normativa en materia de competencia desleal y publicidad il\u00edcita.<\/p>\n<p>Asimismo, Sustainable Lifestyle Hub, S.L. declina cualquier responsabilidad respecto a la informaci\u00f3n que se halle fuera de esta web y no sea gestionada directamente por nuestro webmaster. La funci\u00f3n de los links que aparecen en esta web es exclusivamente la de informar al usuario sobre la existencia de otras fuentes susceptibles de ampliar los contenidos que ofrece este Sitio Web. Sustainable Lifestyle Hub, S.L. no garantiza ni se responsabiliza del funcionamiento o accesibilidad de los sitios enlazados; ni sugiere, invita o recomienda la visita a los mismos, por lo que<br \/>\ntampoco ser\u00e1 responsable del resultado obtenido. Sustainable Lifestyle Hub, S.L. no se responsabiliza del establecimiento de hiperv\u00ednculos por parte de terceros.<\/p>\n<p>Sustainable Lifestyle Hub, S.L. le informa que el Sitio Web no tiene virus ni programas esp\u00edas. Si opta a abandonar nuestro Sitio Web a trav\u00e9s de enlaces a sitios web no pertenecientes a nuestra entidad, Sustainable Lifestyle Hub, S.L. no se har\u00e1 responsable de las pol\u00edticas de privacidad de dichos sitios web ni de las cookies que \u00e9stos puedan almacenar en el ordenador del usuario.<\/p>\n<p><strong>4. Propiedad intelectual e industrial<\/strong><\/p>\n<p>Todos los contenidos del Sitio Web https:\/\/believers-hub.com\/, son propiedad intelectual de Sustainable Lifestyle Hub, S.L. y no podr\u00e1n ser reproducidos, copiados, pegados, linkados, transmitidos, distribuidos o manipulados de cualquier forma y con cualquier finalidad, sin la autorizaci\u00f3n previa y por escrito de Sustainable Lifestyle Hub, S.L., manteniendo en todo momento el \u201ccopyright\u201d intacto y cualquier otro indicador de la propiedad intelectual de los materiales o contenidos. En ning\u00fan caso se entender\u00e1 que el acceso y navegaci\u00f3n del Usuario implica una renuncia, transmisi\u00f3n, licencia o cesi\u00f3n total ni parcial de dichos derechos por parte de Sustainable Lifestyle Hub, S.L. Asimismo, est\u00e1 prohibido modificar, copiar, reutilizar, explotar, reproducir, comunicar p\u00fablicamente, transmitir, usar, tratar o distribuir de cualquier forma la totalidad o parte de los contenidos y elementos del Sitio Web para prop\u00f3sitos p\u00fablicos o comerciales, si no se cuenta con la autorizaci\u00f3n expresa y por escrito del titular de la misma.<\/p>\n<p>Queda asimismo prohibida la utilizaci\u00f3n de los datos de contacto de Sustainable Lifestyle Hub, S.L. para el env\u00edo de cualquier tipo de comunicaci\u00f3n comercial, salvo que previamente se cuente con la necesaria autorizaci\u00f3n conforme dispone la normativa aplicable.<\/p>\n<p><strong>5. Legislaci\u00f3n y fuero<\/strong><\/p>\n<p>Para toda cuesti\u00f3n litigiosa que incumba al Sitio Web de Sustainable Lifestyle Hub, S.L. ser\u00e1 de aplicaci\u00f3n la legislaci\u00f3n espa\u00f1ola, siendo competentes los Juzgados y Tribunales de la ciudad de Madrid (Espa\u00f1a).<\/p>\n","protected":false},"excerpt":{"rendered":"<p>1. Datos identificativos De conformidad con el art\u00edculo 10 de la Ley 34\/2002, de 11 de julio, de servicios de la sociedad de la informaci\u00f3n y de comercio electr\u00f3nico, a continuaci\u00f3n, proporcionamos los datos necesarios del titular del sitio web https:\/\/believers-hub.com\/ (el \u201cSitio Web\u201d): Denominaci\u00f3n del titular del Sitio Web: Sustainable Lifestyle Hub, S.L. NIF: [&hellip;]<\/p>\n","protected":false},"author":5,"featured_media":0,"parent":0,"menu_order":0,"comment_status":"closed","ping_status":"closed","template":"","meta":{"footnotes":""},"class_list":["post-2176","page","type-page","status-publish","hentry"],"yoast_head":"<!-- This site is optimized with the Yoast SEO plugin v21.8 - https:\/\/yoast.com\/wordpress\/plugins\/seo\/ -->\n<title>Aviso Legal - BELIEVERS.<\/title>\n<meta name=\"robots\" content=\"index, follow, max-snippet:-1, max-image-preview:large, max-video-preview:-1\" \/>\n<link rel=\"canonical\" href=\"https:\/\/believers-hub.com\/aviso-legal\/\" \/>\n<meta property=\"og:locale\" content=\"en_US\" \/>\n<meta property=\"og:type\" content=\"article\" \/>\n<meta property=\"og:title\" content=\"Aviso Legal - BELIEVERS.\" \/>\n<meta property=\"og:description\" content=\"1. Datos identificativos De conformidad con el art\u00edculo 10 de la Ley 34\/2002, de 11 de julio, de servicios de la sociedad de la informaci\u00f3n y de comercio electr\u00f3nico, a continuaci\u00f3n, proporcionamos los datos necesarios del titular del sitio web https:\/\/believers-hub.com\/ (el \u201cSitio Web\u201d): Denominaci\u00f3n del titular del Sitio Web: Sustainable Lifestyle Hub, S.L. NIF: [&hellip;]\" \/>\n<meta property=\"og:url\" content=\"https:\/\/believers-hub.com\/aviso-legal\/\" \/>\n<meta property=\"og:site_name\" content=\"BELIEVERS.\" \/>\n<meta property=\"og:image\" content=\"https:\/\/believers-hub.com\/wp-content\/uploads\/2024\/01\/logo-1200x675-1.jpg\" \/>\n\t<meta property=\"og:image:width\" content=\"2500\" \/>\n\t<meta property=\"og:image:height\" content=\"1406\" \/>\n\t<meta property=\"og:image:type\" content=\"image\/jpeg\" \/>\n<meta name=\"twitter:card\" content=\"summary_large_image\" \/>\n<meta name=\"twitter:label1\" content=\"Est. reading time\" \/>\n\t<meta name=\"twitter:data1\" content=\"7 minutes\" \/>\n<script type=\"application\/ld+json\" class=\"yoast-schema-graph\">{\"@context\":\"https:\/\/schema.org\",\"@graph\":[{\"@type\":\"WebPage\",\"@id\":\"https:\/\/believers-hub.com\/aviso-legal\/\",\"url\":\"https:\/\/believers-hub.com\/aviso-legal\/\",\"name\":\"Aviso Legal - BELIEVERS.\",\"isPartOf\":{\"@id\":\"https:\/\/believers-hub.com\/#website\"},\"datePublished\":\"2023-12-04T12:16:51+00:00\",\"dateModified\":\"2023-12-04T12:16:51+00:00\",\"breadcrumb\":{\"@id\":\"https:\/\/believers-hub.com\/aviso-legal\/#breadcrumb\"},\"inLanguage\":\"en-US\",\"potentialAction\":[{\"@type\":\"ReadAction\",\"target\":[\"https:\/\/believers-hub.com\/aviso-legal\/\"]}]},{\"@type\":\"BreadcrumbList\",\"@id\":\"https:\/\/believers-hub.com\/aviso-legal\/#breadcrumb\",\"itemListElement\":[{\"@type\":\"ListItem\",\"position\":1,\"name\":\"Home\",\"item\":\"https:\/\/believers-hub.com\/en\/home\/\"},{\"@type\":\"ListItem\",\"position\":2,\"name\":\"Aviso Legal\"}]},{\"@type\":\"WebSite\",\"@id\":\"https:\/\/believers-hub.com\/#website\",\"url\":\"https:\/\/believers-hub.com\/\",\"name\":\"BELIEVERS.\",\"description\":\"Consultora de comunicaci\u00f3n en sostenibilidad\",\"publisher\":{\"@id\":\"https:\/\/believers-hub.com\/#organization\"},\"potentialAction\":[{\"@type\":\"SearchAction\",\"target\":{\"@type\":\"EntryPoint\",\"urlTemplate\":\"https:\/\/believers-hub.com\/?s={search_term_string}\"},\"query-input\":\"required name=search_term_string\"}],\"inLanguage\":\"en-US\"},{\"@type\":\"Organization\",\"@id\":\"https:\/\/believers-hub.com\/#organization\",\"name\":\"BELIEVERS.\",\"url\":\"https:\/\/believers-hub.com\/\",\"logo\":{\"@type\":\"ImageObject\",\"inLanguage\":\"en-US\",\"@id\":\"https:\/\/believers-hub.com\/#\/schema\/logo\/image\/\",\"url\":\"https:\/\/believers-hub.com\/wp-content\/uploads\/2024\/01\/cropped-favicon_ok.png\",\"contentUrl\":\"https:\/\/believers-hub.com\/wp-content\/uploads\/2024\/01\/cropped-favicon_ok.png\",\"width\":512,\"height\":512,\"caption\":\"BELIEVERS.\"},\"image\":{\"@id\":\"https:\/\/believers-hub.com\/#\/schema\/logo\/image\/\"},\"sameAs\":[\"https:\/\/www.instagram.com\/believershub\/\",\"https:\/\/www.linkedin.com\/company\/believershub\/\"]}]}<\/script>\n<!-- \/ Yoast SEO plugin. -->","yoast_head_json":{"title":"Aviso Legal - BELIEVERS.","robots":{"index":"index","follow":"follow","max-snippet":"max-snippet:-1","max-image-preview":"max-image-preview:large","max-video-preview":"max-video-preview:-1"},"canonical":"https:\/\/believers-hub.com\/aviso-legal\/","og_locale":"en_US","og_type":"article","og_title":"Aviso Legal - BELIEVERS.","og_description":"1. Datos identificativos De conformidad con el art\u00edculo 10 de la Ley 34\/2002, de 11 de julio, de servicios de la sociedad de la informaci\u00f3n y de comercio electr\u00f3nico, a continuaci\u00f3n, proporcionamos los datos necesarios del titular del sitio web https:\/\/believers-hub.com\/ (el \u201cSitio Web\u201d): Denominaci\u00f3n del titular del Sitio Web: Sustainable Lifestyle Hub, S.L. NIF: [&hellip;]","og_url":"https:\/\/believers-hub.com\/aviso-legal\/","og_site_name":"BELIEVERS.","og_image":[{"width":2500,"height":1406,"url":"https:\/\/believers-hub.com\/wp-content\/uploads\/2024\/01\/logo-1200x675-1.jpg","type":"image\/jpeg"}],"twitter_card":"summary_large_image","twitter_misc":{"Est. reading time":"7 minutes"},"schema":{"@context":"https:\/\/schema.org","@graph":[{"@type":"WebPage","@id":"https:\/\/believers-hub.com\/aviso-legal\/","url":"https:\/\/believers-hub.com\/aviso-legal\/","name":"Aviso Legal - BELIEVERS.","isPartOf":{"@id":"https:\/\/believers-hub.com\/#website"},"datePublished":"2023-12-04T12:16:51+00:00","dateModified":"2023-12-04T12:16:51+00:00","breadcrumb":{"@id":"https:\/\/believers-hub.com\/aviso-legal\/#breadcrumb"},"inLanguage":"en-US","potentialAction":[{"@type":"ReadAction","target":["https:\/\/believers-hub.com\/aviso-legal\/"]}]},{"@type":"BreadcrumbList","@id":"https:\/\/believers-hub.com\/aviso-legal\/#breadcrumb","itemListElement":[{"@type":"ListItem","position":1,"name":"Home","item":"https:\/\/believers-hub.com\/en\/home\/"},{"@type":"ListItem","position":2,"name":"Aviso Legal"}]},{"@type":"WebSite","@id":"https:\/\/believers-hub.com\/#website","url":"https:\/\/believers-hub.com\/","name":"BELIEVERS.","description":"Consultora de comunicaci\u00f3n en sostenibilidad","publisher":{"@id":"https:\/\/believers-hub.com\/#organization"},"potentialAction":[{"@type":"SearchAction","target":{"@type":"EntryPoint","urlTemplate":"https:\/\/believers-hub.com\/?s={search_term_string}"},"query-input":"required name=search_term_string"}],"inLanguage":"en-US"},{"@type":"Organization","@id":"https:\/\/believers-hub.com\/#organization","name":"BELIEVERS.","url":"https:\/\/believers-hub.com\/","logo":{"@type":"ImageObject","inLanguage":"en-US","@id":"https:\/\/believers-hub.com\/#\/schema\/logo\/image\/","url":"https:\/\/believers-hub.com\/wp-content\/uploads\/2024\/01\/cropped-favicon_ok.png","contentUrl":"https:\/\/believers-hub.com\/wp-content\/uploads\/2024\/01\/cropped-favicon_ok.png","width":512,"height":512,"caption":"BELIEVERS."},"image":{"@id":"https:\/\/believers-hub.com\/#\/schema\/logo\/image\/"},"sameAs":["https:\/\/www.instagram.com\/believershub\/","https:\/\/www.linkedin.com\/company\/believershub\/"]}]}},"_links":{"self":[{"href":"https:\/\/believers-hub.com\/en\/wp-json\/wp\/v2\/pages\/2176","targetHints":{"allow":["GET"]}}],"collection":[{"href":"https:\/\/believers-hub.com\/en\/wp-json\/wp\/v2\/pages"}],"about":[{"href":"https:\/\/believers-hub.com\/en\/wp-json\/wp\/v2\/types\/page"}],"author":[{"embeddable":true,"href":"https:\/\/believers-hub.com\/en\/wp-json\/wp\/v2\/users\/5"}],"replies":[{"embeddable":true,"href":"https:\/\/believers-hub.com\/en\/wp-json\/wp\/v2\/comments?post=2176"}],"version-history":[{"count":0,"href":"https:\/\/believers-hub.com\/en\/wp-json\/wp\/v2\/pages\/2176\/revisions"}],"wp:attachment":[{"href":"https:\/\/believers-hub.com\/en\/wp-json\/wp\/v2\/media?parent=2176"}],"curies":[{"name":"wp","href":"https:\/\/api.w.org\/{rel}","templated":true}]}}